{"id":2,"date":"2021-04-09T23:03:43","date_gmt":"2021-04-09T20:03:43","guid":{"rendered":"http:\/\/akincileather.com\/?page_id=2"},"modified":"2023-12-27T22:22:27","modified_gmt":"2023-12-27T19:22:27","slug":"anasayfa","status":"publish","type":"page","link":"https:\/\/akincideri.com\/en\/","title":{"rendered":"Home Page"},"content":{"rendered":"<div id='full_slider_1'  class='avia-fullwidth-slider main_color avia-shadow   avia-builder-el-0  el_before_av_heading  avia-builder-el-first   container_wrap sidebar_right' style=' '  ><div   data-size='featured_large'  data-lightbox_size='large'  data-animation='slide'  data-conditional_play=''  data-ids='307,310,275,312,274'  data-video_counter='0'  data-autoplay='false'  data-bg_slider='false'  data-slide_height=''  data-handle='av_slideshow_full'  data-interval='5'  data-class=' '  data-el_id=''  data-css_id=''  data-scroll_down=''  data-control_layout='av-control-default'  data-custom_markup=''  data-perma_caption=''  data-autoplay_stopper=''  data-image_attachment=''  data-min_height='0px'  data-lazy_loading='disabled'  data-src=''  data-position='top left'  data-repeat='no-repeat'  data-attach='scroll'  data-stretch=''  data-default-height='42'  class='avia-slideshow avia-slideshow-1  av-control-default av-default-height-applied avia-slideshow-featured_large av_slideshow_full   avia-slide-slider'  itemprop=\"image\" itemscope=\"itemscope\" itemtype=\"https:\/\/schema.org\/ImageObject\" ><ul class='avia-slideshow-inner' style='padding-bottom: 42%;' ><li  class='slide-1' ><div data-rel='slideshow-1' class='avia-slide-wrap'   ><img decoding=\"async\" class=\"wp-image-307 avia-img-lazy-loading-not-307\"  src=\"https:\/\/akincideri.com\/wp-content\/uploads\/2021\/04\/Slider_04.jpg\" width=\"1500\" height=\"630\" title='Slider_04' alt=''  itemprop=\"thumbnailUrl\" srcset=\"https:\/\/akincideri.com\/wp-content\/uploads\/2021\/04\/Slider_04.jpg 1500w, https:\/\/akincideri.com\/wp-content\/uploads\/2021\/04\/Slider_04-300x126.jpg 300w, https:\/\/akincideri.com\/wp-content\/uploads\/2021\/04\/Slider_04-1030x433.jpg 1030w, https:\/\/akincideri.com\/wp-content\/uploads\/2021\/04\/Slider_04-768x323.jpg 768w, https:\/\/akincideri.com\/wp-content\/uploads\/2021\/04\/Slider_04-705x296.jpg 705w\" sizes=\"(max-width: 1500px) 100vw, 1500px\" \/><\/div><\/li><li  class='slide-2' ><div data-rel='slideshow-1' class='avia-slide-wrap'   ><img decoding=\"async\" class=\"wp-image-310 avia-img-lazy-loading-not-310\"  src=\"https:\/\/akincideri.com\/wp-content\/uploads\/2021\/04\/Slider_05.jpg\" width=\"1500\" height=\"630\" title='Slider_05' alt=''  itemprop=\"thumbnailUrl\" srcset=\"https:\/\/akincideri.com\/wp-content\/uploads\/2021\/04\/Slider_05.jpg 1500w, https:\/\/akincideri.com\/wp-content\/uploads\/2021\/04\/Slider_05-300x126.jpg 300w, https:\/\/akincideri.com\/wp-content\/uploads\/2021\/04\/Slider_05-1030x433.jpg 1030w, https:\/\/akincideri.com\/wp-content\/uploads\/2021\/04\/Slider_05-768x323.jpg 768w, https:\/\/akincideri.com\/wp-content\/uploads\/2021\/04\/Slider_05-705x296.jpg 705w\" sizes=\"(max-width: 1500px) 100vw, 1500px\" \/><\/div><\/li><li  class='slide-3' ><div data-rel='slideshow-1' class='avia-slide-wrap'   ><img decoding=\"async\" class=\"wp-image-275 avia-img-lazy-loading-not-275\"  src=\"https:\/\/akincideri.com\/wp-content\/uploads\/2021\/04\/Slide_02.jpg\" width=\"1500\" height=\"630\" title='Slide_02' alt=''  itemprop=\"thumbnailUrl\" srcset=\"https:\/\/akincideri.com\/wp-content\/uploads\/2021\/04\/Slide_02.jpg 1500w, https:\/\/akincideri.com\/wp-content\/uploads\/2021\/04\/Slide_02-300x126.jpg 300w, https:\/\/akincideri.com\/wp-content\/uploads\/2021\/04\/Slide_02-1030x433.jpg 1030w, https:\/\/akincideri.com\/wp-content\/uploads\/2021\/04\/Slide_02-768x323.jpg 768w, https:\/\/akincideri.com\/wp-content\/uploads\/2021\/04\/Slide_02-705x296.jpg 705w\" sizes=\"(max-width: 1500px) 100vw, 1500px\" \/><\/div><\/li><li  class='slide-4' ><div data-rel='slideshow-1' class='avia-slide-wrap'   ><img decoding=\"async\" class=\"wp-image-312 avia-img-lazy-loading-not-312\"  src=\"https:\/\/akincideri.com\/wp-content\/uploads\/2021\/04\/Slider_06.jpg\" width=\"1500\" height=\"630\" title='Slider_06' alt=''  itemprop=\"thumbnailUrl\" srcset=\"https:\/\/akincideri.com\/wp-content\/uploads\/2021\/04\/Slider_06.jpg 1500w, https:\/\/akincideri.com\/wp-content\/uploads\/2021\/04\/Slider_06-300x126.jpg 300w, https:\/\/akincideri.com\/wp-content\/uploads\/2021\/04\/Slider_06-1030x433.jpg 1030w, https:\/\/akincideri.com\/wp-content\/uploads\/2021\/04\/Slider_06-768x323.jpg 768w, https:\/\/akincideri.com\/wp-content\/uploads\/2021\/04\/Slider_06-705x296.jpg 705w\" sizes=\"(max-width: 1500px) 100vw, 1500px\" \/><\/div><\/li><li  class='slide-5' ><div data-rel='slideshow-1' class='avia-slide-wrap'   ><img decoding=\"async\" class=\"wp-image-274 avia-img-lazy-loading-not-274\"  src=\"https:\/\/akincideri.com\/wp-content\/uploads\/2021\/04\/Slide_01.jpg\" width=\"1500\" height=\"630\" title='Slide_01' alt=''  itemprop=\"thumbnailUrl\" srcset=\"https:\/\/akincideri.com\/wp-content\/uploads\/2021\/04\/Slide_01.jpg 1500w, https:\/\/akincideri.com\/wp-content\/uploads\/2021\/04\/Slide_01-300x126.jpg 300w, https:\/\/akincideri.com\/wp-content\/uploads\/2021\/04\/Slide_01-1030x433.jpg 1030w, https:\/\/akincideri.com\/wp-content\/uploads\/2021\/04\/Slide_01-768x323.jpg 768w, https:\/\/akincideri.com\/wp-content\/uploads\/2021\/04\/Slide_01-705x296.jpg 705w\" sizes=\"(max-width: 1500px) 100vw, 1500px\" \/><\/div><\/li><\/ul><div class='avia-slideshow-arrows avia-slideshow-controls'><a href='#prev' tabindex='-1' class='prev-slide' aria-hidden='true' data-av_icon='\ue87c' data-av_iconfont='entypo-fontello'>Previous<\/a><a href='#next' tabindex='-1' class='next-slide' aria-hidden='true' data-av_icon='\ue87d' data-av_iconfont='entypo-fontello'>Next<\/a><\/div><div class='avia-slideshow-dots avia-slideshow-controls'><a href='#1' class='goto-slide active' >1<\/a><a href='#2' class='goto-slide' >2<\/a><a href='#3' class='goto-slide' >3<\/a><a href='#4' class='goto-slide' >4<\/a><a href='#5' class='goto-slide' >5<\/a><\/div><\/div><\/div><div id='after_full_slider_1'  class='main_color av_default_container_wrap container_wrap sidebar_right' style=' '  ><div class='container' ><div class='template-page content  av-content-small alpha units'><div class='post-entry post-entry-type-page post-entry-2'><div class='entry-content-wrapper clearfix'>\n<div  style='padding-bottom:10px; ' class='av-special-heading av-special-heading-h1  blockquote modern-quote modern-centered  avia-builder-el-1  el_after_av_slideshow_full  el_before_av_hr  avia-builder-el-first'><h1 class='av-special-heading-tag'  itemprop=\"headline\"  >Portfolio<\/h1><div class='special-heading-border'><div class='special-heading-inner-border' ><\/div><\/div><\/div>\n<div  style=' margin-top:10px; margin-bottom:10px;'  class='hr hr-custom hr-center hr-icon-yes   avia-builder-el-2  el_after_av_heading  el_before_av_portfolio  avia-builder-el-last'><span class='hr-inner  inner-border-av-border-thin' style=' width:200px; border-color:#ffffff; max-width:45%;' ><span class='hr-inner-style'><\/span><\/span><span class='av-seperator-icon' style='color:#ffffff;' aria-hidden='true' data-av_icon='\ue808' data-av_iconfont='entypo-fontello'><\/span><span class='hr-inner  inner-border-av-border-thin' style=' width:200px; border-color:#ffffff; max-width:45%;' ><span class='hr-inner-style'><\/span><\/span><\/div>\n<div  id=\"av-sc-portfolio-1\"  class=\"av-portfolio-grid-sorting-container\"><div class='sort_width_container  av-sort-yes' data-portfolio-id='1' ><div id='js_sort_items' ><div class='sort_by_cat hidden'><a href=\"#\" data-filter=\"all_sort\" class=\"all_sort_button active_sort\"><span class=\"inner_sort_button\"><span>All<\/span><small class=\"av-cat-count\"> 8 <\/small><\/span><\/a><\/div><\/div><\/div><div  class='grid-sort-container isotope   no_margin-container with-title-container grid-total-even grid-col-4 grid-links-' data-portfolio-id='1'><div data-ajax-id='50' class='grid-entry flex_column isotope-item all_sort no_margin post-entry post-entry-50 grid-entry-overview grid-loop-1 grid-parity-odd   av_one_fourth first default_av_fullwidth'><article class='main_color inner-entry'  itemscope=\"itemscope\" itemtype=\"https:\/\/schema.org\/CreativeWork\" ><a href='https:\/\/akincideri.com\/en\/Urunler\/deri-pasaport-ruhsat-cuzdani\/' title='Leather Passport \/ License Wallet'  data-rel='grid-1' class='grid-image avia-hover-fx'> <img decoding=\"async\" width=\"260\" height=\"185\" src=\"https:\/\/akincideri.com\/wp-content\/uploads\/2021\/04\/KARTLIK_KARTVIZITLIK12b-260x185.jpg\" class=\"wp-image-85 avia-img-lazy-loading-not-85 attachment-portfolio_small size-portfolio_small wp-post-image\" alt=\"\" \/><\/a><div class='grid-content'><div class='avia-arrow'><\/div><header class=\"entry-content-header\"><h3 class='grid-entry-title entry-title'  itemprop=\"headline\" ><a href='https:\/\/akincideri.com\/en\/Urunler\/deri-pasaport-ruhsat-cuzdani\/' title='Leather Passport \/ License Wallet'>Leather Passport \/ License Wallet<\/a><\/h3><\/header><\/div><footer class=\"entry-footer\"><\/footer><\/article><\/div><div data-ajax-id='48' class='grid-entry flex_column isotope-item all_sort no_margin post-entry post-entry-48 grid-entry-overview grid-loop-2 grid-parity-even   av_one_fourth  default_av_fullwidth'><article class='main_color inner-entry'  itemscope=\"itemscope\" itemtype=\"https:\/\/schema.org\/CreativeWork\" ><a href='https:\/\/akincideri.com\/en\/Urunler\/deri-kartvizitlik\/' title='Leather Business Card Holder'  data-rel='grid-1' class='grid-image avia-hover-fx'> <img decoding=\"async\" width=\"260\" height=\"185\" src=\"https:\/\/akincideri.com\/wp-content\/uploads\/2021\/04\/KARTLIK_KARTVIZITLIK4b-260x185.jpg\" class=\"wp-image-95 avia-img-lazy-loading-not-95 attachment-portfolio_small size-portfolio_small wp-post-image\" alt=\"\" \/><\/a><div class='grid-content'><div class='avia-arrow'><\/div><header class=\"entry-content-header\"><h3 class='grid-entry-title entry-title'  itemprop=\"headline\" ><a href='https:\/\/akincideri.com\/en\/Urunler\/deri-kartvizitlik\/' title='Leather Business Card Holder'>Leather Business Card Holder<\/a><\/h3><\/header><\/div><footer class=\"entry-footer\"><\/footer><\/article><\/div><div data-ajax-id='46' class='grid-entry flex_column isotope-item all_sort no_margin post-entry post-entry-46 grid-entry-overview grid-loop-3 grid-parity-odd   av_one_fourth  default_av_fullwidth'><article class='main_color inner-entry'  itemscope=\"itemscope\" itemtype=\"https:\/\/schema.org\/CreativeWork\" ><a href='https:\/\/akincideri.com\/en\/Urunler\/deri-erkek-cuzdanlari\/' title='Leather Men&#039;s Wallets'  data-rel='grid-1' class='grid-image avia-hover-fx'> <img decoding=\"async\" width=\"260\" height=\"185\" src=\"https:\/\/akincideri.com\/wp-content\/uploads\/2021\/04\/ERKEK_CUZDAN1b-260x185.jpg\" class=\"wp-image-111 avia-img-lazy-loading-not-111 attachment-portfolio_small size-portfolio_small wp-post-image\" alt=\"\" \/><\/a><div class='grid-content'><div class='avia-arrow'><\/div><header class=\"entry-content-header\"><h3 class='grid-entry-title entry-title'  itemprop=\"headline\" ><a href='https:\/\/akincideri.com\/en\/Urunler\/deri-erkek-cuzdanlari\/' title='Leather Men&#039;s Wallets'>Leather Men's Wallets<\/a><\/h3><\/header><\/div><footer class=\"entry-footer\"><\/footer><\/article><\/div><div data-ajax-id='44' class='grid-entry flex_column isotope-item all_sort no_margin post-entry post-entry-44 grid-entry-overview grid-loop-4 grid-parity-even   av_one_fourth  default_av_fullwidth'><article class='main_color inner-entry'  itemscope=\"itemscope\" itemtype=\"https:\/\/schema.org\/CreativeWork\" ><a href='https:\/\/akincideri.com\/en\/Urunler\/deri-bayan-cantalar\/' title='Leather Ladies Bags'  data-rel='grid-1' class='grid-image avia-hover-fx'> <img decoding=\"async\" width=\"260\" height=\"185\" src=\"https:\/\/akincideri.com\/wp-content\/uploads\/2021\/04\/BAYAN_CANTA1b-260x185.jpg\" class=\"wp-image-125 avia-img-lazy-loading-not-125 attachment-portfolio_small size-portfolio_small wp-post-image\" alt=\"\" \/><\/a><div class='grid-content'><div class='avia-arrow'><\/div><header class=\"entry-content-header\"><h3 class='grid-entry-title entry-title'  itemprop=\"headline\" ><a href='https:\/\/akincideri.com\/en\/Urunler\/deri-bayan-cantalar\/' title='Leather Ladies Bags'>Leather Ladies Bags<\/a><\/h3><\/header><\/div><footer class=\"entry-footer\"><\/footer><\/article><\/div><div data-ajax-id='42' class='grid-entry flex_column isotope-item all_sort no_margin post-entry post-entry-42 grid-entry-overview grid-loop-5 grid-parity-odd   av_one_fourth first default_av_fullwidth'><article class='main_color inner-entry'  itemscope=\"itemscope\" itemtype=\"https:\/\/schema.org\/CreativeWork\" ><a href='https:\/\/akincideri.com\/en\/Urunler\/deri-kozmetik-cantalari\/' title='Leather Cosmetic Bags'  data-rel='grid-1' class='grid-image avia-hover-fx'> <img decoding=\"async\" width=\"260\" height=\"185\" src=\"https:\/\/akincideri.com\/wp-content\/uploads\/2021\/04\/KOZMETIK_CANTAB-260x185.jpg\" class=\"wp-image-145 avia-img-lazy-loading-not-145 attachment-portfolio_small size-portfolio_small wp-post-image\" alt=\"\" \/><\/a><div class='grid-content'><div class='avia-arrow'><\/div><header class=\"entry-content-header\"><h3 class='grid-entry-title entry-title'  itemprop=\"headline\" ><a href='https:\/\/akincideri.com\/en\/Urunler\/deri-kozmetik-cantalari\/' title='Leather Cosmetic Bags'>Leather Cosmetic Bags<\/a><\/h3><\/header><\/div><footer class=\"entry-footer\"><\/footer><\/article><\/div><div data-ajax-id='40' class='grid-entry flex_column isotope-item all_sort no_margin post-entry post-entry-40 grid-entry-overview grid-loop-6 grid-parity-even   av_one_fourth  default_av_fullwidth'><article class='main_color inner-entry'  itemscope=\"itemscope\" itemtype=\"https:\/\/schema.org\/CreativeWork\" ><a href='https:\/\/akincideri.com\/en\/Urunler\/deri-bayan-cuzdanlari\/' title='Leather Ladies Wallets'  data-rel='grid-1' class='grid-image avia-hover-fx'> <img decoding=\"async\" width=\"260\" height=\"185\" src=\"https:\/\/akincideri.com\/wp-content\/uploads\/2021\/04\/DERI_BAYAN_CUZDAN7b-260x185.jpg\" class=\"wp-image-155 avia-img-lazy-loading-not-155 attachment-portfolio_small size-portfolio_small wp-post-image\" alt=\"\" \/><\/a><div class='grid-content'><div class='avia-arrow'><\/div><header class=\"entry-content-header\"><h3 class='grid-entry-title entry-title'  itemprop=\"headline\" ><a href='https:\/\/akincideri.com\/en\/Urunler\/deri-bayan-cuzdanlari\/' title='Leather Ladies Wallets'>Leather Ladies Wallets<\/a><\/h3><\/header><\/div><footer class=\"entry-footer\"><\/footer><\/article><\/div><div data-ajax-id='38' class='grid-entry flex_column isotope-item all_sort no_margin post-entry post-entry-38 grid-entry-overview grid-loop-7 grid-parity-odd   av_one_fourth  default_av_fullwidth'><article class='main_color inner-entry'  itemscope=\"itemscope\" itemtype=\"https:\/\/schema.org\/CreativeWork\" ><a href='https:\/\/akincideri.com\/en\/Urunler\/iphone-deri-kiliflari\/' title='Iphone Leather Cases'  data-rel='grid-1' class='grid-image avia-hover-fx'> <img decoding=\"async\" width=\"260\" height=\"185\" src=\"https:\/\/akincideri.com\/wp-content\/uploads\/2021\/04\/IPHONE_KILIFLAR7b-260x185.jpg\" class=\"wp-image-179 avia-img-lazy-loading-not-179 attachment-portfolio_small size-portfolio_small wp-post-image\" alt=\"\" \/><\/a><div class='grid-content'><div class='avia-arrow'><\/div><header class=\"entry-content-header\"><h3 class='grid-entry-title entry-title'  itemprop=\"headline\" ><a href='https:\/\/akincideri.com\/en\/Urunler\/iphone-deri-kiliflari\/' title='Iphone Leather Cases'>Iphone Leather Cases<\/a><\/h3><\/header><\/div><footer class=\"entry-footer\"><\/footer><\/article><\/div><div data-ajax-id='36' class='grid-entry flex_column isotope-item all_sort no_margin post-entry post-entry-36 grid-entry-overview grid-loop-8 grid-parity-even  post-entry-last   av_one_fourth  default_av_fullwidth'><article class='main_color inner-entry'  itemscope=\"itemscope\" itemtype=\"https:\/\/schema.org\/CreativeWork\" ><a href='https:\/\/akincideri.com\/en\/Urunler\/ipad-deri-kiliflari\/' title='Ipad Leather Cases'  data-rel='grid-1' class='grid-image avia-hover-fx'> <img decoding=\"async\" width=\"260\" height=\"185\" src=\"https:\/\/akincideri.com\/wp-content\/uploads\/2021\/04\/IPAD_KILIF_CANTA9b-260x185.jpg\" class=\"wp-image-222 avia-img-lazy-loading-not-222 attachment-portfolio_small size-portfolio_small wp-post-image\" alt=\"\" \/><\/a><div class='grid-content'><div class='avia-arrow'><\/div><header class=\"entry-content-header\"><h3 class='grid-entry-title entry-title'  itemprop=\"headline\" ><a href='https:\/\/akincideri.com\/en\/Urunler\/ipad-deri-kiliflari\/' title='Ipad Leather Cases'>Ipad Leather Cases<\/a><\/h3><\/header><\/div><footer class=\"entry-footer\"><\/footer><\/article><\/div><\/div><\/div>   <!--   class=\"av-portfolio-grid-sorting-container\"  -->","protected":false},"excerpt":{"rendered":"","protected":false},"author":1,"featured_media":0,"parent":0,"menu_order":0,"comment_status":"closed","ping_status":"open","template":"","meta":{"footnotes":""},"class_list":["post-2","page","type-page","status-publish","hentry"],"yoast_head":"<!-- This site is optimized with the Yoast SEO plugin v25.0 - https:\/\/yoast.com\/wordpress\/plugins\/seo\/ -->\n<title>AKINCI DER\u0130<\/title>\n<meta name=\"description\" content=\"Deri Pasaport \/ Ruhsat C\u00fczdan\u0131, Kartvizitlik, Erkek C\u00fczdanlar\u0131, Bayan \u00c7antalar, Kozmetik \u00c7antalar\u0131, Bayan C\u00fczdanlar\u0131, Iphone Deri K\u0131l\u0131flar\u0131, Ipad Deri K\u0131l\u0131flar\u0131 imalat\u0131, \u00fcretimi yap\u0131lmaktad\u0131r.\" \/>\n<meta name=\"robots\" content=\"index, follow, max-snippet:-1, max-image-preview:large, max-video-preview:-1\" \/>\n<link rel=\"canonical\" href=\"https:\/\/akincideri.com\/en\/\" \/>\n<meta property=\"og:locale\" content=\"en_US\" \/>\n<meta property=\"og:type\" content=\"article\" \/>\n<meta property=\"og:title\" content=\"AKINCI DER\u0130\" \/>\n<meta property=\"og:description\" content=\"Deri Pasaport \/ Ruhsat C\u00fczdan\u0131, Kartvizitlik, Erkek C\u00fczdanlar\u0131, Bayan \u00c7antalar, Kozmetik \u00c7antalar\u0131, Bayan C\u00fczdanlar\u0131, Iphone Deri K\u0131l\u0131flar\u0131, Ipad Deri K\u0131l\u0131flar\u0131 imalat\u0131, \u00fcretimi yap\u0131lmaktad\u0131r.\" \/>\n<meta property=\"og:url\" content=\"https:\/\/akincideri.com\/en\/\" \/>\n<meta property=\"og:site_name\" content=\"AKINCI DER\u0130\" \/>\n<meta property=\"article:modified_time\" content=\"2023-12-27T19:22:27+00:00\" \/>\n<meta name=\"twitter:card\" content=\"summary_large_image\" \/>\n<meta name=\"twitter:label1\" content=\"Est. reading time\" \/>\n\t<meta name=\"twitter:data1\" content=\"3 minutes\" \/>\n<script type=\"application\/ld+json\" class=\"yoast-schema-graph\">{\"@context\":\"https:\/\/schema.org\",\"@graph\":[{\"@type\":\"WebPage\",\"@id\":\"https:\/\/akincideri.com\/\",\"url\":\"https:\/\/akincideri.com\/\",\"name\":\"AKINCI DER\u0130\",\"isPartOf\":{\"@id\":\"https:\/\/akincideri.com\/#website\"},\"datePublished\":\"2021-04-09T20:03:43+00:00\",\"dateModified\":\"2023-12-27T19:22:27+00:00\",\"description\":\"Deri Pasaport \/ Ruhsat C\u00fczdan\u0131, Kartvizitlik, Erkek C\u00fczdanlar\u0131, Bayan \u00c7antalar, Kozmetik \u00c7antalar\u0131, Bayan C\u00fczdanlar\u0131, Iphone Deri K\u0131l\u0131flar\u0131, Ipad Deri K\u0131l\u0131flar\u0131 imalat\u0131, \u00fcretimi yap\u0131lmaktad\u0131r.\",\"breadcrumb\":{\"@id\":\"https:\/\/akincideri.com\/#breadcrumb\"},\"inLanguage\":\"en-US\",\"potentialAction\":[{\"@type\":\"ReadAction\",\"target\":[\"https:\/\/akincideri.com\/\"]}]},{\"@type\":\"BreadcrumbList\",\"@id\":\"https:\/\/akincideri.com\/#breadcrumb\",\"itemListElement\":[{\"@type\":\"ListItem\",\"position\":1,\"name\":\"Anasayfa\",\"item\":\"https:\/\/akincideri.com\/\"},{\"@type\":\"ListItem\",\"position\":2,\"name\":\"Anasayfa\"}]},{\"@type\":\"WebSite\",\"@id\":\"https:\/\/akincideri.com\/#website\",\"url\":\"https:\/\/akincideri.com\/\",\"name\":\"AKINCI DER\u0130\",\"description\":\"\",\"publisher\":{\"@id\":\"https:\/\/akincideri.com\/#organization\"},\"potentialAction\":[{\"@type\":\"SearchAction\",\"target\":{\"@type\":\"EntryPoint\",\"urlTemplate\":\"https:\/\/akincideri.com\/?s={search_term_string}\"},\"query-input\":{\"@type\":\"PropertyValueSpecification\",\"valueRequired\":true,\"valueName\":\"search_term_string\"}}],\"inLanguage\":\"en-US\"},{\"@type\":\"Organization\",\"@id\":\"https:\/\/akincideri.com\/#organization\",\"name\":\"AKINCI DER\u0130\",\"url\":\"https:\/\/akincideri.com\/\",\"logo\":{\"@type\":\"ImageObject\",\"inLanguage\":\"en-US\",\"@id\":\"https:\/\/akincideri.com\/#\/schema\/logo\/image\/\",\"url\":\"https:\/\/akincideri.com\/wp-content\/uploads\/2021\/04\/Logo_White.png\",\"contentUrl\":\"https:\/\/akincideri.com\/wp-content\/uploads\/2021\/04\/Logo_White.png\",\"width\":350,\"height\":100,\"caption\":\"AKINCI DER\u0130\"},\"image\":{\"@id\":\"https:\/\/akincideri.com\/#\/schema\/logo\/image\/\"}}]}<\/script>\n<!-- \/ Yoast SEO plugin. -->","yoast_head_json":{"title":"AKINCI DER\u0130","description":"Deri Pasaport \/ Ruhsat C\u00fczdan\u0131, Kartvizitlik, Erkek C\u00fczdanlar\u0131, Bayan \u00c7antalar, Kozmetik \u00c7antalar\u0131, Bayan C\u00fczdanlar\u0131, Iphone Deri K\u0131l\u0131flar\u0131, Ipad Deri K\u0131l\u0131flar\u0131 imalat\u0131, \u00fcretimi yap\u0131lmaktad\u0131r.","robots":{"index":"index","follow":"follow","max-snippet":"max-snippet:-1","max-image-preview":"max-image-preview:large","max-video-preview":"max-video-preview:-1"},"canonical":"https:\/\/akincideri.com\/en\/","og_locale":"en_US","og_type":"article","og_title":"AKINCI DER\u0130","og_description":"Deri Pasaport \/ Ruhsat C\u00fczdan\u0131, Kartvizitlik, Erkek C\u00fczdanlar\u0131, Bayan \u00c7antalar, Kozmetik \u00c7antalar\u0131, Bayan C\u00fczdanlar\u0131, Iphone Deri K\u0131l\u0131flar\u0131, Ipad Deri K\u0131l\u0131flar\u0131 imalat\u0131, \u00fcretimi yap\u0131lmaktad\u0131r.","og_url":"https:\/\/akincideri.com\/en\/","og_site_name":"AKINCI DER\u0130","article_modified_time":"2023-12-27T19:22:27+00:00","twitter_card":"summary_large_image","twitter_misc":{"Est. reading time":"3 minutes"},"schema":{"@context":"https:\/\/schema.org","@graph":[{"@type":"WebPage","@id":"https:\/\/akincideri.com\/","url":"https:\/\/akincideri.com\/","name":"AKINCI DER\u0130","isPartOf":{"@id":"https:\/\/akincideri.com\/#website"},"datePublished":"2021-04-09T20:03:43+00:00","dateModified":"2023-12-27T19:22:27+00:00","description":"Deri Pasaport \/ Ruhsat C\u00fczdan\u0131, Kartvizitlik, Erkek C\u00fczdanlar\u0131, Bayan \u00c7antalar, Kozmetik \u00c7antalar\u0131, Bayan C\u00fczdanlar\u0131, Iphone Deri K\u0131l\u0131flar\u0131, Ipad Deri K\u0131l\u0131flar\u0131 imalat\u0131, \u00fcretimi yap\u0131lmaktad\u0131r.","breadcrumb":{"@id":"https:\/\/akincideri.com\/#breadcrumb"},"inLanguage":"en-US","potentialAction":[{"@type":"ReadAction","target":["https:\/\/akincideri.com\/"]}]},{"@type":"BreadcrumbList","@id":"https:\/\/akincideri.com\/#breadcrumb","itemListElement":[{"@type":"ListItem","position":1,"name":"Anasayfa","item":"https:\/\/akincideri.com\/"},{"@type":"ListItem","position":2,"name":"Anasayfa"}]},{"@type":"WebSite","@id":"https:\/\/akincideri.com\/#website","url":"https:\/\/akincideri.com\/","name":"AKINCI DER\u0130","description":"","publisher":{"@id":"https:\/\/akincideri.com\/#organization"},"potentialAction":[{"@type":"SearchAction","target":{"@type":"EntryPoint","urlTemplate":"https:\/\/akincideri.com\/?s={search_term_string}"},"query-input":{"@type":"PropertyValueSpecification","valueRequired":true,"valueName":"search_term_string"}}],"inLanguage":"en-US"},{"@type":"Organization","@id":"https:\/\/akincideri.com\/#organization","name":"AKINCI DER\u0130","url":"https:\/\/akincideri.com\/","logo":{"@type":"ImageObject","inLanguage":"en-US","@id":"https:\/\/akincideri.com\/#\/schema\/logo\/image\/","url":"https:\/\/akincideri.com\/wp-content\/uploads\/2021\/04\/Logo_White.png","contentUrl":"https:\/\/akincideri.com\/wp-content\/uploads\/2021\/04\/Logo_White.png","width":350,"height":100,"caption":"AKINCI DER\u0130"},"image":{"@id":"https:\/\/akincideri.com\/#\/schema\/logo\/image\/"}}]}},"_links":{"self":[{"href":"https:\/\/akincideri.com\/en\/wp-json\/wp\/v2\/pages\/2","targetHints":{"allow":["GET"]}}],"collection":[{"href":"https:\/\/akincideri.com\/en\/wp-json\/wp\/v2\/pages"}],"about":[{"href":"https:\/\/akincideri.com\/en\/wp-json\/wp\/v2\/types\/page"}],"author":[{"embeddable":true,"href":"https:\/\/akincideri.com\/en\/wp-json\/wp\/v2\/users\/1"}],"replies":[{"embeddable":true,"href":"https:\/\/akincideri.com\/en\/wp-json\/wp\/v2\/comments?post=2"}],"version-history":[{"count":12,"href":"https:\/\/akincideri.com\/en\/wp-json\/wp\/v2\/pages\/2\/revisions"}],"predecessor-version":[{"id":313,"href":"https:\/\/akincideri.com\/en\/wp-json\/wp\/v2\/pages\/2\/revisions\/313"}],"wp:attachment":[{"href":"https:\/\/akincideri.com\/en\/wp-json\/wp\/v2\/media?parent=2"}],"curies":[{"name":"wp","href":"https:\/\/api.w.org\/{rel}","templated":true}]}}