{"id":32,"date":"2021-04-13T10:01:36","date_gmt":"2021-04-13T07:01:36","guid":{"rendered":"https:\/\/akincileather.com\/?page_id=32"},"modified":"2023-12-27T22:12:50","modified_gmt":"2023-12-27T19:12:50","slug":"urunler","status":"publish","type":"page","link":"https:\/\/akincideri.com\/en\/urunler\/","title":{"rendered":"Products"},"content":{"rendered":"<div class=\"flex_column av_one_full  flex_column_div av-zero-column-padding first  avia-builder-el-0  el_before_av_one_full  avia-builder-el-first\" style='border-radius:0px; '><p><div  style='padding-bottom:10px; ' class='av-special-heading av-special-heading-h1  blockquote modern-quote  avia-builder-el-1  el_before_av_textblock  avia-builder-el-first'><h1 class='av-special-heading-tag'  itemprop=\"headline\"  >Products<\/h1><div class='special-heading-border'><div class='special-heading-inner-border' ><\/div><\/div><\/div><br \/>\n<section class=\"av_textblock_section\"  itemscope=\"itemscope\" itemtype=\"https:\/\/schema.org\/CreativeWork\" ><div class='avia_textblock'   itemprop=\"text\" ><p>Please contact us for the products we manufacture and more.<\/p>\n<\/div><\/section><br \/>\n<div  id=\"av-sc-portfolio-1\"  class=\"av-portfolio-grid-sorting-container\"><div class='sort_width_container  av-sort-yes' data-portfolio-id='1' ><div id='js_sort_items' ><div class='sort_by_cat hidden'><a href=\"#\" data-filter=\"all_sort\" class=\"all_sort_button active_sort\"><span class=\"inner_sort_button\"><span>All<\/span><small class=\"av-cat-count\"> 8 <\/small><\/span><\/a><\/div><\/div><\/div><div  class='grid-sort-container isotope   no_margin-container with-title-container grid-total-even grid-col-4 grid-links-' data-portfolio-id='1'><div data-ajax-id='50' class='grid-entry flex_column isotope-item all_sort no_margin post-entry post-entry-50 grid-entry-overview grid-loop-1 grid-parity-odd   av_one_fourth first default_av_fullwidth'><article class='main_color inner-entry'  itemscope=\"itemscope\" itemtype=\"https:\/\/schema.org\/CreativeWork\" ><a href='https:\/\/akincideri.com\/en\/Urunler\/deri-pasaport-ruhsat-cuzdani\/' title='Leather Passport \/ License Wallet'  data-rel='grid-1' class='grid-image avia-hover-fx'> <img decoding=\"async\" width=\"800\" height=\"600\" src=\"https:\/\/akincideri.com\/wp-content\/uploads\/2021\/04\/KARTLIK_KARTVIZITLIK12b.jpg\" class=\"wp-image-85 avia-img-lazy-loading-not-85 attachment-no scaling size-no scaling wp-post-image\" alt=\"\" srcset=\"https:\/\/akincideri.com\/wp-content\/uploads\/2021\/04\/KARTLIK_KARTVIZITLIK12b.jpg 800w, https:\/\/akincideri.com\/wp-content\/uploads\/2021\/04\/KARTLIK_KARTVIZITLIK12b-300x225.jpg 300w, https:\/\/akincideri.com\/wp-content\/uploads\/2021\/04\/KARTLIK_KARTVIZITLIK12b-768x576.jpg 768w, https:\/\/akincideri.com\/wp-content\/uploads\/2021\/04\/KARTLIK_KARTVIZITLIK12b-705x529.jpg 705w\" sizes=\"(max-width: 800px) 100vw, 800px\" \/><\/a><div class='grid-content'><div class='avia-arrow'><\/div><header class=\"entry-content-header\"><h3 class='grid-entry-title entry-title'  itemprop=\"headline\" ><a href='https:\/\/akincideri.com\/en\/Urunler\/deri-pasaport-ruhsat-cuzdani\/' title='Leather Passport \/ License Wallet'>Leather Passport \/ License Wallet<\/a><\/h3><\/header><\/div><footer class=\"entry-footer\"><\/footer><\/article><\/div><div data-ajax-id='48' class='grid-entry flex_column isotope-item all_sort no_margin post-entry post-entry-48 grid-entry-overview grid-loop-2 grid-parity-even   av_one_fourth  default_av_fullwidth'><article class='main_color inner-entry'  itemscope=\"itemscope\" itemtype=\"https:\/\/schema.org\/CreativeWork\" ><a href='https:\/\/akincideri.com\/en\/Urunler\/deri-kartvizitlik\/' title='Leather Business Card Holder'  data-rel='grid-1' class='grid-image avia-hover-fx'> <img decoding=\"async\" width=\"800\" height=\"600\" src=\"https:\/\/akincideri.com\/wp-content\/uploads\/2021\/04\/KARTLIK_KARTVIZITLIK4b.jpg\" class=\"wp-image-95 avia-img-lazy-loading-not-95 attachment-no scaling size-no scaling wp-post-image\" alt=\"\" srcset=\"https:\/\/akincideri.com\/wp-content\/uploads\/2021\/04\/KARTLIK_KARTVIZITLIK4b.jpg 800w, https:\/\/akincideri.com\/wp-content\/uploads\/2021\/04\/KARTLIK_KARTVIZITLIK4b-300x225.jpg 300w, https:\/\/akincideri.com\/wp-content\/uploads\/2021\/04\/KARTLIK_KARTVIZITLIK4b-768x576.jpg 768w, https:\/\/akincideri.com\/wp-content\/uploads\/2021\/04\/KARTLIK_KARTVIZITLIK4b-705x529.jpg 705w\" sizes=\"(max-width: 800px) 100vw, 800px\" \/><\/a><div class='grid-content'><div class='avia-arrow'><\/div><header class=\"entry-content-header\"><h3 class='grid-entry-title entry-title'  itemprop=\"headline\" ><a href='https:\/\/akincideri.com\/en\/Urunler\/deri-kartvizitlik\/' title='Leather Business Card Holder'>Leather Business Card Holder<\/a><\/h3><\/header><\/div><footer class=\"entry-footer\"><\/footer><\/article><\/div><div data-ajax-id='46' class='grid-entry flex_column isotope-item all_sort no_margin post-entry post-entry-46 grid-entry-overview grid-loop-3 grid-parity-odd   av_one_fourth  default_av_fullwidth'><article class='main_color inner-entry'  itemscope=\"itemscope\" itemtype=\"https:\/\/schema.org\/CreativeWork\" ><a href='https:\/\/akincideri.com\/en\/Urunler\/deri-erkek-cuzdanlari\/' title='Leather Men&#039;s Wallets'  data-rel='grid-1' class='grid-image avia-hover-fx'> <img decoding=\"async\" width=\"800\" height=\"600\" src=\"https:\/\/akincideri.com\/wp-content\/uploads\/2021\/04\/ERKEK_CUZDAN1b.jpg\" class=\"wp-image-111 avia-img-lazy-loading-not-111 attachment-no scaling size-no scaling wp-post-image\" alt=\"\" srcset=\"https:\/\/akincideri.com\/wp-content\/uploads\/2021\/04\/ERKEK_CUZDAN1b.jpg 800w, https:\/\/akincideri.com\/wp-content\/uploads\/2021\/04\/ERKEK_CUZDAN1b-300x225.jpg 300w, https:\/\/akincideri.com\/wp-content\/uploads\/2021\/04\/ERKEK_CUZDAN1b-768x576.jpg 768w, https:\/\/akincideri.com\/wp-content\/uploads\/2021\/04\/ERKEK_CUZDAN1b-705x529.jpg 705w\" sizes=\"(max-width: 800px) 100vw, 800px\" \/><\/a><div class='grid-content'><div class='avia-arrow'><\/div><header class=\"entry-content-header\"><h3 class='grid-entry-title entry-title'  itemprop=\"headline\" ><a href='https:\/\/akincideri.com\/en\/Urunler\/deri-erkek-cuzdanlari\/' title='Leather Men&#039;s Wallets'>Leather Men's Wallets<\/a><\/h3><\/header><\/div><footer class=\"entry-footer\"><\/footer><\/article><\/div><div data-ajax-id='44' class='grid-entry flex_column isotope-item all_sort no_margin post-entry post-entry-44 grid-entry-overview grid-loop-4 grid-parity-even   av_one_fourth  default_av_fullwidth'><article class='main_color inner-entry'  itemscope=\"itemscope\" itemtype=\"https:\/\/schema.org\/CreativeWork\" ><a href='https:\/\/akincideri.com\/en\/Urunler\/deri-bayan-cantalar\/' title='Leather Ladies Bags'  data-rel='grid-1' class='grid-image avia-hover-fx'> <img decoding=\"async\" width=\"800\" height=\"600\" src=\"https:\/\/akincideri.com\/wp-content\/uploads\/2021\/04\/BAYAN_CANTA1b.jpg\" class=\"wp-image-125 avia-img-lazy-loading-not-125 attachment-no scaling size-no scaling wp-post-image\" alt=\"\" srcset=\"https:\/\/akincideri.com\/wp-content\/uploads\/2021\/04\/BAYAN_CANTA1b.jpg 800w, https:\/\/akincideri.com\/wp-content\/uploads\/2021\/04\/BAYAN_CANTA1b-300x225.jpg 300w, https:\/\/akincideri.com\/wp-content\/uploads\/2021\/04\/BAYAN_CANTA1b-768x576.jpg 768w, https:\/\/akincideri.com\/wp-content\/uploads\/2021\/04\/BAYAN_CANTA1b-705x529.jpg 705w\" sizes=\"(max-width: 800px) 100vw, 800px\" \/><\/a><div class='grid-content'><div class='avia-arrow'><\/div><header class=\"entry-content-header\"><h3 class='grid-entry-title entry-title'  itemprop=\"headline\" ><a href='https:\/\/akincideri.com\/en\/Urunler\/deri-bayan-cantalar\/' title='Leather Ladies Bags'>Leather Ladies Bags<\/a><\/h3><\/header><\/div><footer class=\"entry-footer\"><\/footer><\/article><\/div><div data-ajax-id='42' class='grid-entry flex_column isotope-item all_sort no_margin post-entry post-entry-42 grid-entry-overview grid-loop-5 grid-parity-odd   av_one_fourth first default_av_fullwidth'><article class='main_color inner-entry'  itemscope=\"itemscope\" itemtype=\"https:\/\/schema.org\/CreativeWork\" ><a href='https:\/\/akincideri.com\/en\/Urunler\/deri-kozmetik-cantalari\/' title='Leather Cosmetic Bags'  data-rel='grid-1' class='grid-image avia-hover-fx'> <img decoding=\"async\" width=\"800\" height=\"600\" src=\"https:\/\/akincideri.com\/wp-content\/uploads\/2021\/04\/KOZMETIK_CANTAB.jpg\" class=\"wp-image-145 avia-img-lazy-loading-not-145 attachment-no scaling size-no scaling wp-post-image\" alt=\"\" srcset=\"https:\/\/akincideri.com\/wp-content\/uploads\/2021\/04\/KOZMETIK_CANTAB.jpg 800w, https:\/\/akincideri.com\/wp-content\/uploads\/2021\/04\/KOZMETIK_CANTAB-300x225.jpg 300w, https:\/\/akincideri.com\/wp-content\/uploads\/2021\/04\/KOZMETIK_CANTAB-768x576.jpg 768w, https:\/\/akincideri.com\/wp-content\/uploads\/2021\/04\/KOZMETIK_CANTAB-705x529.jpg 705w\" sizes=\"(max-width: 800px) 100vw, 800px\" \/><\/a><div class='grid-content'><div class='avia-arrow'><\/div><header class=\"entry-content-header\"><h3 class='grid-entry-title entry-title'  itemprop=\"headline\" ><a href='https:\/\/akincideri.com\/en\/Urunler\/deri-kozmetik-cantalari\/' title='Leather Cosmetic Bags'>Leather Cosmetic Bags<\/a><\/h3><\/header><\/div><footer class=\"entry-footer\"><\/footer><\/article><\/div><div data-ajax-id='40' class='grid-entry flex_column isotope-item all_sort no_margin post-entry post-entry-40 grid-entry-overview grid-loop-6 grid-parity-even   av_one_fourth  default_av_fullwidth'><article class='main_color inner-entry'  itemscope=\"itemscope\" itemtype=\"https:\/\/schema.org\/CreativeWork\" ><a href='https:\/\/akincideri.com\/en\/Urunler\/deri-bayan-cuzdanlari\/' title='Leather Ladies Wallets'  data-rel='grid-1' class='grid-image avia-hover-fx'> <img decoding=\"async\" width=\"800\" height=\"600\" src=\"https:\/\/akincideri.com\/wp-content\/uploads\/2021\/04\/DERI_BAYAN_CUZDAN7b.jpg\" class=\"wp-image-155 avia-img-lazy-loading-not-155 attachment-no scaling size-no scaling wp-post-image\" alt=\"\" srcset=\"https:\/\/akincideri.com\/wp-content\/uploads\/2021\/04\/DERI_BAYAN_CUZDAN7b.jpg 800w, https:\/\/akincideri.com\/wp-content\/uploads\/2021\/04\/DERI_BAYAN_CUZDAN7b-300x225.jpg 300w, https:\/\/akincideri.com\/wp-content\/uploads\/2021\/04\/DERI_BAYAN_CUZDAN7b-768x576.jpg 768w, https:\/\/akincideri.com\/wp-content\/uploads\/2021\/04\/DERI_BAYAN_CUZDAN7b-705x529.jpg 705w\" sizes=\"(max-width: 800px) 100vw, 800px\" \/><\/a><div class='grid-content'><div class='avia-arrow'><\/div><header class=\"entry-content-header\"><h3 class='grid-entry-title entry-title'  itemprop=\"headline\" ><a href='https:\/\/akincideri.com\/en\/Urunler\/deri-bayan-cuzdanlari\/' title='Leather Ladies Wallets'>Leather Ladies Wallets<\/a><\/h3><\/header><\/div><footer class=\"entry-footer\"><\/footer><\/article><\/div><div data-ajax-id='38' class='grid-entry flex_column isotope-item all_sort no_margin post-entry post-entry-38 grid-entry-overview grid-loop-7 grid-parity-odd   av_one_fourth  default_av_fullwidth'><article class='main_color inner-entry'  itemscope=\"itemscope\" itemtype=\"https:\/\/schema.org\/CreativeWork\" ><a href='https:\/\/akincideri.com\/en\/Urunler\/iphone-deri-kiliflari\/' title='Iphone Leather Cases'  data-rel='grid-1' class='grid-image avia-hover-fx'> <img decoding=\"async\" width=\"800\" height=\"600\" src=\"https:\/\/akincideri.com\/wp-content\/uploads\/2021\/04\/IPHONE_KILIFLAR7b.jpg\" class=\"wp-image-179 avia-img-lazy-loading-not-179 attachment-no scaling size-no scaling wp-post-image\" alt=\"\" srcset=\"https:\/\/akincideri.com\/wp-content\/uploads\/2021\/04\/IPHONE_KILIFLAR7b.jpg 800w, https:\/\/akincideri.com\/wp-content\/uploads\/2021\/04\/IPHONE_KILIFLAR7b-300x225.jpg 300w, https:\/\/akincideri.com\/wp-content\/uploads\/2021\/04\/IPHONE_KILIFLAR7b-768x576.jpg 768w, https:\/\/akincideri.com\/wp-content\/uploads\/2021\/04\/IPHONE_KILIFLAR7b-705x529.jpg 705w\" sizes=\"(max-width: 800px) 100vw, 800px\" \/><\/a><div class='grid-content'><div class='avia-arrow'><\/div><header class=\"entry-content-header\"><h3 class='grid-entry-title entry-title'  itemprop=\"headline\" ><a href='https:\/\/akincideri.com\/en\/Urunler\/iphone-deri-kiliflari\/' title='Iphone Leather Cases'>Iphone Leather Cases<\/a><\/h3><\/header><\/div><footer class=\"entry-footer\"><\/footer><\/article><\/div><div data-ajax-id='36' class='grid-entry flex_column isotope-item all_sort no_margin post-entry post-entry-36 grid-entry-overview grid-loop-8 grid-parity-even  post-entry-last   av_one_fourth  default_av_fullwidth'><article class='main_color inner-entry'  itemscope=\"itemscope\" itemtype=\"https:\/\/schema.org\/CreativeWork\" ><a href='https:\/\/akincideri.com\/en\/Urunler\/ipad-deri-kiliflari\/' title='Ipad Leather Cases'  data-rel='grid-1' class='grid-image avia-hover-fx'> <img decoding=\"async\" width=\"800\" height=\"600\" src=\"https:\/\/akincideri.com\/wp-content\/uploads\/2021\/04\/IPAD_KILIF_CANTA9b.jpg\" class=\"wp-image-222 avia-img-lazy-loading-not-222 attachment-no scaling size-no scaling wp-post-image\" alt=\"\" srcset=\"https:\/\/akincideri.com\/wp-content\/uploads\/2021\/04\/IPAD_KILIF_CANTA9b.jpg 800w, https:\/\/akincideri.com\/wp-content\/uploads\/2021\/04\/IPAD_KILIF_CANTA9b-300x225.jpg 300w, https:\/\/akincideri.com\/wp-content\/uploads\/2021\/04\/IPAD_KILIF_CANTA9b-768x576.jpg 768w, https:\/\/akincideri.com\/wp-content\/uploads\/2021\/04\/IPAD_KILIF_CANTA9b-705x529.jpg 705w\" sizes=\"(max-width: 800px) 100vw, 800px\" \/><\/a><div class='grid-content'><div class='avia-arrow'><\/div><header class=\"entry-content-header\"><h3 class='grid-entry-title entry-title'  itemprop=\"headline\" ><a href='https:\/\/akincideri.com\/en\/Urunler\/ipad-deri-kiliflari\/' title='Ipad Leather Cases'>Ipad Leather Cases<\/a><\/h3><\/header><\/div><footer class=\"entry-footer\"><\/footer><\/article><\/div><\/div><\/div>   <!--   class=\"av-portfolio-grid-sorting-container\"  --><\/p><\/div><div class=\"flex_column av_one_full  flex_column_div av-zero-column-padding first  avia-builder-el-4  el_after_av_one_full  avia-builder-el-last  column-top-margin\" style='border-radius:0px; '><p><div  style='background:#333333;color:#ffffff;border-color:#333333;' class='av_promobox  avia-button-yes   avia-builder-el-5  el_before_av_social_share  avia-builder-el-first'><div class='avia-promocontent'><p>\nContact us for more information about our company.<\/p>\n<\/div><div  class='avia-button-wrap avia-button-right' ><a href='https:\/\/akincideri.com\/en\/iletisim\/'  class='avia-button  avia-color-grey   avia-icon_select-yes-left-icon avia-size-large avia-position-right'   ><span class='avia_button_icon avia_button_icon_left' aria-hidden='true' data-av_icon='\ue812' data-av_iconfont='entypo-fontello'><\/span><span class='avia_iconbox_title' >Contact us<\/span><\/a><\/div><\/div><br \/>\n<div  class='av-social-sharing-box  avia-builder-el-6  el_after_av_promobox  avia-builder-el-last'><div class='av-share-box'><h5 class='av-share-link-description av-no-toc'>Share this page<\/h5><ul class='av-share-box-list noLightbox'><li class='av-share-link av-social-link-facebook' ><a target=\"_blank\" aria-label=\"Share on Facebook\" href='https:\/\/www.facebook.com\/sharer.php?u=https:\/\/akincideri.com\/en\/urunler\/&#038;t=%C3%9Cr%C3%BCnler' aria-hidden='false' data-av_icon='\ue8f3' data-av_iconfont='entypo-fontello' title='' data-avia-related-tooltip='Share on Facebook' rel=\"noopener\"><span class='avia_hidden_link_text'>Share on Facebook<\/span><\/a><\/li><li class='av-share-link av-social-link-twitter' ><a target=\"_blank\" aria-label=\"Share on Twitter\" href='https:\/\/twitter.com\/share?text=%C3%9Cr%C3%BCnler&#038;url=https:\/\/akincideri.com\/en\/?p=32' aria-hidden='false' data-av_icon='\ue8f1' data-av_iconfont='entypo-fontello' title='' data-avia-related-tooltip='Share on Twitter' rel=\"noopener\"><span class='avia_hidden_link_text'>Share on Twitter<\/span><\/a><\/li><li class='av-share-link av-social-link-whatsapp' ><a target=\"_blank\" aria-label=\"Share on WhatsApp\" href='https:\/\/api.whatsapp.com\/send?text=https:\/\/akincideri.com\/en\/urunler\/' aria-hidden='false' data-av_icon='\uf232' data-av_iconfont='entypo-fontello' title='' data-avia-related-tooltip='Share on WhatsApp' rel=\"noopener\"><span class='avia_hidden_link_text'>Share on WhatsApp<\/span><\/a><\/li><li class='av-share-link av-social-link-pinterest' ><a target=\"_blank\" aria-label=\"Share on Pinterest\" href='https:\/\/pinterest.com\/pin\/create\/button\/?url=https%3A%2F%2Fakincideri.com%2Fen%2Furunler%2F&#038;description=%C3%9Cr%C3%BCnler&#038;media=' aria-hidden='false' data-av_icon='\ue8f8' data-av_iconfont='entypo-fontello' title='' data-avia-related-tooltip='Share on Pinterest' rel=\"noopener\"><span class='avia_hidden_link_text'>Share on Pinterest<\/span><\/a><\/li><li class='av-share-link av-social-link-linkedin' ><a target=\"_blank\" aria-label=\"Share on LinkedIn\" href='https:\/\/linkedin.com\/shareArticle?mini=true&#038;title=%C3%9Cr%C3%BCnler&#038;url=https:\/\/akincideri.com\/en\/urunler\/' aria-hidden='false' data-av_icon='\ue8fc' data-av_iconfont='entypo-fontello' title='' data-avia-related-tooltip='Share on LinkedIn' rel=\"noopener\"><span class='avia_hidden_link_text'>Share on LinkedIn<\/span><\/a><\/li><li class='av-share-link av-social-link-mail' ><a  aria-label=\"Share by Mail\" href='mailto:?subject=%C3%9Cr%C3%BCnler&#038;body=https:\/\/akincideri.com\/en\/urunler\/' aria-hidden='false' data-av_icon='\ue805' data-av_iconfont='entypo-fontello' title='' data-avia-related-tooltip='Share by Mail'><span class='avia_hidden_link_text'>Share by Mail<\/span><\/a><\/li><\/ul><\/div><\/div><\/p><\/div><\/p>","protected":false},"excerpt":{"rendered":"","protected":false},"author":1,"featured_media":0,"parent":0,"menu_order":0,"comment_status":"closed","ping_status":"closed","template":"","meta":{"footnotes":""},"class_list":["post-32","page","type-page","status-publish","hentry"],"yoast_head":"<!-- This site is optimized with the Yoast SEO plugin v25.0 - https:\/\/yoast.com\/wordpress\/plugins\/seo\/ -->\n<title>\u00dcr\u00fcnler - AKINCI DER\u0130<\/title>\n<meta name=\"robots\" content=\"index, follow, max-snippet:-1, max-image-preview:large, max-video-preview:-1\" \/>\n<link rel=\"canonical\" href=\"https:\/\/akincideri.com\/en\/urunler\/\" \/>\n<meta property=\"og:locale\" content=\"en_US\" \/>\n<meta property=\"og:type\" content=\"article\" \/>\n<meta property=\"og:title\" content=\"\u00dcr\u00fcnler - AKINCI DER\u0130\" \/>\n<meta property=\"og:url\" content=\"https:\/\/akincideri.com\/en\/urunler\/\" \/>\n<meta property=\"og:site_name\" content=\"AKINCI DER\u0130\" \/>\n<meta property=\"article:modified_time\" content=\"2023-12-27T19:12:50+00:00\" \/>\n<meta name=\"twitter:card\" content=\"summary_large_image\" \/>\n<meta name=\"twitter:label1\" content=\"Est. reading time\" \/>\n\t<meta name=\"twitter:data1\" content=\"3 minutes\" \/>\n<script type=\"application\/ld+json\" class=\"yoast-schema-graph\">{\"@context\":\"https:\/\/schema.org\",\"@graph\":[{\"@type\":\"WebPage\",\"@id\":\"https:\/\/akincideri.com\/urunler\/\",\"url\":\"https:\/\/akincideri.com\/urunler\/\",\"name\":\"\u00dcr\u00fcnler - AKINCI DER\u0130\",\"isPartOf\":{\"@id\":\"https:\/\/akincideri.com\/#website\"},\"datePublished\":\"2021-04-13T07:01:36+00:00\",\"dateModified\":\"2023-12-27T19:12:50+00:00\",\"breadcrumb\":{\"@id\":\"https:\/\/akincideri.com\/urunler\/#breadcrumb\"},\"inLanguage\":\"en-US\",\"potentialAction\":[{\"@type\":\"ReadAction\",\"target\":[\"https:\/\/akincideri.com\/urunler\/\"]}]},{\"@type\":\"BreadcrumbList\",\"@id\":\"https:\/\/akincideri.com\/urunler\/#breadcrumb\",\"itemListElement\":[{\"@type\":\"ListItem\",\"position\":1,\"name\":\"Anasayfa\",\"item\":\"https:\/\/akincideri.com\/\"},{\"@type\":\"ListItem\",\"position\":2,\"name\":\"\u00dcr\u00fcnler\"}]},{\"@type\":\"WebSite\",\"@id\":\"https:\/\/akincideri.com\/#website\",\"url\":\"https:\/\/akincideri.com\/\",\"name\":\"AKINCI DER\u0130\",\"description\":\"\",\"publisher\":{\"@id\":\"https:\/\/akincideri.com\/#organization\"},\"potentialAction\":[{\"@type\":\"SearchAction\",\"target\":{\"@type\":\"EntryPoint\",\"urlTemplate\":\"https:\/\/akincideri.com\/?s={search_term_string}\"},\"query-input\":{\"@type\":\"PropertyValueSpecification\",\"valueRequired\":true,\"valueName\":\"search_term_string\"}}],\"inLanguage\":\"en-US\"},{\"@type\":\"Organization\",\"@id\":\"https:\/\/akincideri.com\/#organization\",\"name\":\"AKINCI DER\u0130\",\"url\":\"https:\/\/akincideri.com\/\",\"logo\":{\"@type\":\"ImageObject\",\"inLanguage\":\"en-US\",\"@id\":\"https:\/\/akincideri.com\/#\/schema\/logo\/image\/\",\"url\":\"https:\/\/akincideri.com\/wp-content\/uploads\/2021\/04\/Logo_White.png\",\"contentUrl\":\"https:\/\/akincideri.com\/wp-content\/uploads\/2021\/04\/Logo_White.png\",\"width\":350,\"height\":100,\"caption\":\"AKINCI DER\u0130\"},\"image\":{\"@id\":\"https:\/\/akincideri.com\/#\/schema\/logo\/image\/\"}}]}<\/script>\n<!-- \/ Yoast SEO plugin. -->","yoast_head_json":{"title":"\u00dcr\u00fcnler - AKINCI DER\u0130","robots":{"index":"index","follow":"follow","max-snippet":"max-snippet:-1","max-image-preview":"max-image-preview:large","max-video-preview":"max-video-preview:-1"},"canonical":"https:\/\/akincideri.com\/en\/urunler\/","og_locale":"en_US","og_type":"article","og_title":"\u00dcr\u00fcnler - AKINCI DER\u0130","og_url":"https:\/\/akincideri.com\/en\/urunler\/","og_site_name":"AKINCI DER\u0130","article_modified_time":"2023-12-27T19:12:50+00:00","twitter_card":"summary_large_image","twitter_misc":{"Est. reading time":"3 minutes"},"schema":{"@context":"https:\/\/schema.org","@graph":[{"@type":"WebPage","@id":"https:\/\/akincideri.com\/urunler\/","url":"https:\/\/akincideri.com\/urunler\/","name":"\u00dcr\u00fcnler - AKINCI DER\u0130","isPartOf":{"@id":"https:\/\/akincideri.com\/#website"},"datePublished":"2021-04-13T07:01:36+00:00","dateModified":"2023-12-27T19:12:50+00:00","breadcrumb":{"@id":"https:\/\/akincideri.com\/urunler\/#breadcrumb"},"inLanguage":"en-US","potentialAction":[{"@type":"ReadAction","target":["https:\/\/akincideri.com\/urunler\/"]}]},{"@type":"BreadcrumbList","@id":"https:\/\/akincideri.com\/urunler\/#breadcrumb","itemListElement":[{"@type":"ListItem","position":1,"name":"Anasayfa","item":"https:\/\/akincideri.com\/"},{"@type":"ListItem","position":2,"name":"\u00dcr\u00fcnler"}]},{"@type":"WebSite","@id":"https:\/\/akincideri.com\/#website","url":"https:\/\/akincideri.com\/","name":"AKINCI DER\u0130","description":"","publisher":{"@id":"https:\/\/akincideri.com\/#organization"},"potentialAction":[{"@type":"SearchAction","target":{"@type":"EntryPoint","urlTemplate":"https:\/\/akincideri.com\/?s={search_term_string}"},"query-input":{"@type":"PropertyValueSpecification","valueRequired":true,"valueName":"search_term_string"}}],"inLanguage":"en-US"},{"@type":"Organization","@id":"https:\/\/akincideri.com\/#organization","name":"AKINCI DER\u0130","url":"https:\/\/akincideri.com\/","logo":{"@type":"ImageObject","inLanguage":"en-US","@id":"https:\/\/akincideri.com\/#\/schema\/logo\/image\/","url":"https:\/\/akincideri.com\/wp-content\/uploads\/2021\/04\/Logo_White.png","contentUrl":"https:\/\/akincideri.com\/wp-content\/uploads\/2021\/04\/Logo_White.png","width":350,"height":100,"caption":"AKINCI DER\u0130"},"image":{"@id":"https:\/\/akincideri.com\/#\/schema\/logo\/image\/"}}]}},"_links":{"self":[{"href":"https:\/\/akincideri.com\/en\/wp-json\/wp\/v2\/pages\/32","targetHints":{"allow":["GET"]}}],"collection":[{"href":"https:\/\/akincideri.com\/en\/wp-json\/wp\/v2\/pages"}],"about":[{"href":"https:\/\/akincideri.com\/en\/wp-json\/wp\/v2\/types\/page"}],"author":[{"embeddable":true,"href":"https:\/\/akincideri.com\/en\/wp-json\/wp\/v2\/users\/1"}],"replies":[{"embeddable":true,"href":"https:\/\/akincideri.com\/en\/wp-json\/wp\/v2\/comments?post=32"}],"version-history":[{"count":7,"href":"https:\/\/akincideri.com\/en\/wp-json\/wp\/v2\/pages\/32\/revisions"}],"predecessor-version":[{"id":322,"href":"https:\/\/akincideri.com\/en\/wp-json\/wp\/v2\/pages\/32\/revisions\/322"}],"wp:attachment":[{"href":"https:\/\/akincideri.com\/en\/wp-json\/wp\/v2\/media?parent=32"}],"curies":[{"name":"wp","href":"https:\/\/api.w.org\/{rel}","templated":true}]}}